{"id":264,"date":"2021-09-06T00:01:21","date_gmt":"2021-09-06T03:01:21","guid":{"rendered":"http:\/\/www.numerotres.org\/nonumentos\/?page_id=264"},"modified":"2021-09-12T22:25:28","modified_gmt":"2021-09-13T01:25:28","slug":"infografia-redefinicion-del-patrimonio-cultural-en-el-chile-actual","status":"publish","type":"page","link":"https:\/\/www.numerotres.org\/nonumentos\/infografia-redefinicion-del-patrimonio-cultural-en-el-chile-actual\/","title":{"rendered":"INFOGRAF\u00cdA + Redefinici\u00f3n del patrimonio cultural en el Chile actual"},"content":{"rendered":"\t\t<div data-elementor-type=\"wp-page\" data-elementor-id=\"264\" class=\"elementor elementor-264\" data-elementor-settings=\"[]\">\n\t\t\t\t\t\t\t<div class=\"elementor-section-wrap\">\n\t\t\t\t\t\t\t<section class=\"elementor-section elementor-top-section elementor-element elementor-element-9a3fb34 elementor-section-boxed elementor-section-height-default elementor-section-height-default\" data-id=\"9a3fb34\" data-element_type=\"section\">\n\t\t\t\t\t\t<div class=\"elementor-container elementor-column-gap-default\">\n\t\t\t\t\t<div class=\"elementor-column elementor-col-100 elementor-top-column elementor-element elementor-element-7825ed5\" data-id=\"7825ed5\" data-element_type=\"column\">\n\t\t\t<div class=\"elementor-widget-wrap elementor-element-populated\">\n\t\t\t\t\t\t\t\t<section class=\"elementor-section elementor-inner-section elementor-element elementor-element-57be2b3 elementor-section-boxed elementor-section-height-default elementor-section-height-default\" data-id=\"57be2b3\" data-element_type=\"section\">\n\t\t\t\t\t\t<div class=\"elementor-container elementor-column-gap-default\">\n\t\t\t\t\t<div class=\"elementor-column elementor-col-50 elementor-inner-column elementor-element elementor-element-a938d59\" data-id=\"a938d59\" data-element_type=\"column\">\n\t\t\t<div class=\"elementor-widget-wrap elementor-element-populated\">\n\t\t\t\t\t\t\t\t<div class=\"elementor-element elementor-element-aca609e elementor-widget elementor-widget-text-editor\" data-id=\"aca609e\" data-element_type=\"widget\" data-widget_type=\"text-editor.default\">\n\t\t\t\t<div class=\"elementor-widget-container\">\n\t\t\t\t\t\t\t<p><a href=\"http:\/\/www.numerotres.org\/nonumentos\/infografia\/\"><span style=\"color: #1d8d88; font-size: 42px; font-weight: 400; margin-right: 10px;\">INFOGRAF\u00cdA<\/span><\/a><\/p>\t\t\t\t\t\t<\/div>\n\t\t\t\t<\/div>\n\t\t\t\t\t<\/div>\n\t\t<\/div>\n\t\t\t\t<div class=\"elementor-column elementor-col-50 elementor-inner-column elementor-element elementor-element-e193f58\" data-id=\"e193f58\" data-element_type=\"column\">\n\t\t\t<div class=\"elementor-widget-wrap elementor-element-populated\">\n\t\t\t\t\t\t\t\t<div class=\"elementor-element elementor-element-94378a0 elementor-widget elementor-widget-text-editor\" data-id=\"94378a0\" data-element_type=\"widget\" data-widget_type=\"text-editor.default\">\n\t\t\t\t<div class=\"elementor-widget-container\">\n\t\t\t\t\t\t\t<span style=\"color:#1d453f; font-size:21px; font-weight: 400\">Redefinici\u00f3n del patrimonio cultural en el Chile actual<\/span><\/br>\n<span style=\"color:#000; font-size:16px; font-weight: 400\">INTERVENCIONES EN EL PATRIMONIO CULTURAL INMUEBLE Y MONUMENTOS HIST\u00d3RICOS P\u00daBLICOS 2019-2021<\/span>\n\t\t\t\t\t\t<\/div>\n\t\t\t\t<\/div>\n\t\t\t\t\t<\/div>\n\t\t<\/div>\n\t\t\t\t\t\t\t<\/div>\n\t\t<\/section>\n\t\t\t\t\t<\/div>\n\t\t<\/div>\n\t\t\t\t\t\t\t<\/div>\n\t\t<\/section>\n\t\t\t\t<section class=\"elementor-section elementor-top-section elementor-element elementor-element-2ba7936 elementor-section-boxed elementor-section-height-default elementor-section-height-default\" data-id=\"2ba7936\" data-element_type=\"section\">\n\t\t\t\t\t\t<div class=\"elementor-container elementor-column-gap-default\">\n\t\t\t\t\t<div class=\"elementor-column elementor-col-100 elementor-top-column elementor-element elementor-element-f4a10df\" data-id=\"f4a10df\" data-element_type=\"column\">\n\t\t\t<div class=\"elementor-widget-wrap elementor-element-populated\">\n\t\t\t\t\t\t\t\t<div class=\"elementor-element elementor-element-98dd90f elementor-widget elementor-widget-pdfjs_viewer\" data-id=\"98dd90f\" data-element_type=\"widget\" data-widget_type=\"pdfjs_viewer.default\">\n\t\t\t\t<div class=\"elementor-widget-container\">\n\t\t\t<iframe src=\"https:\/\/www.numerotres.org\/nonumentos\/wp-content\/plugins\/pdf-viewer-for-elementor\/assets\/pdfjs\/web\/viewer.html?file=http:\/\/www.numerotres.org\/nonumentos\/wp-content\/uploads\/2021\/09\/0_Infografi\u0301a-redefinicion-del-patrimonio-cultural-en-el-Chile-actual.pdf&amp;embedded=true\" style=\"display: block; margin-left: auto; margin-right: auto; width: 990px; height: 1500px;\" frameborder=\"1\" marginheight=\"0px\" marginwidth=\"0px\" allowfullscreen><\/iframe>\t\t<\/div>\n\t\t\t\t<\/div>\n\t\t\t\t\t<\/div>\n\t\t<\/div>\n\t\t\t\t\t\t\t<\/div>\n\t\t<\/section>\n\t\t\t\t\t\t<\/div>\n\t\t\t\t\t<\/div>\n\t\t","protected":false},"excerpt":{"rendered":"<p>INFOGRAF\u00cdA Redefinici\u00f3n del patrimonio cultural en el Chile actual INTERVENCIONES EN EL PATRIMONIO CULTURAL INMUEBLE Y MONUMENTOS HIST\u00d3RICOS P\u00daBLICOS 2019-2021<\/p>\n","protected":false},"author":1,"featured_media":0,"parent":0,"menu_order":0,"comment_status":"closed","ping_status":"closed","template":"elementor_header_footer","meta":{"footnotes":""},"class_list":["post-264","page","type-page","status-publish","hentry"],"_links":{"self":[{"href":"https:\/\/www.numerotres.org\/nonumentos\/wp-json\/wp\/v2\/pages\/264","targetHints":{"allow":["GET"]}}],"collection":[{"href":"https:\/\/www.numerotres.org\/nonumentos\/wp-json\/wp\/v2\/pages"}],"about":[{"href":"https:\/\/www.numerotres.org\/nonumentos\/wp-json\/wp\/v2\/types\/page"}],"author":[{"embeddable":true,"href":"https:\/\/www.numerotres.org\/nonumentos\/wp-json\/wp\/v2\/users\/1"}],"replies":[{"embeddable":true,"href":"https:\/\/www.numerotres.org\/nonumentos\/wp-json\/wp\/v2\/comments?post=264"}],"version-history":[{"count":32,"href":"https:\/\/www.numerotres.org\/nonumentos\/wp-json\/wp\/v2\/pages\/264\/revisions"}],"predecessor-version":[{"id":1539,"href":"https:\/\/www.numerotres.org\/nonumentos\/wp-json\/wp\/v2\/pages\/264\/revisions\/1539"}],"wp:attachment":[{"href":"https:\/\/www.numerotres.org\/nonumentos\/wp-json\/wp\/v2\/media?parent=264"}],"curies":[{"name":"wp","href":"https:\/\/api.w.org\/{rel}","templated":true}]}}